{"id":37932,"date":"2026-01-03T18:35:45","date_gmt":"2026-01-03T17:35:45","guid":{"rendered":"https:\/\/www.benedettibimbo.it\/shop\/non%20class\u00e9\/cheque-cadeau-pour-liste-de-naissance\/"},"modified":"2026-01-21T13:05:30","modified_gmt":"2026-01-21T12:05:30","slug":"cheque-cadeau-pour-liste-de-naissance","status":"publish","type":"product","link":"https:\/\/www.benedettibimbo.it\/fr\/shop\/bons-cadeaux\/cheque-cadeau-pour-liste-de-naissance\/","title":{"rendered":"Ch\u00e8que-cadeau pour liste de naissance"},"content":{"rendered":"<p data-start=\"344\" data-end=\"518\">Notre <strong data-start=\"354\" data-end=\"380\">carte cadeau<\/strong> est con\u00e7ue pour permettre m\u00eame \u00e0 ceux qui vivent loin d&#8217;envoyer un cadeau de la qualit\u00e9 d&#8217;un cadeau soigneusement choisi.<\/p>\n<p data-start=\"525\" data-end=\"629\">Celui ou celle qui le re\u00e7oit a la possibilit\u00e9 de choisir directement en magasin, tranquillement et avec notre aide.<\/p>\n<p>Le bon d&#8217;achat est envoy\u00e9 par courriel et peut \u00eatre utilis\u00e9 en magasin pour acheter des jouets, des articles pour enfants et des id\u00e9es cadeaux, en toute tranquillit\u00e9 d&#8217;esprit gr\u00e2ce \u00e0 une s\u00e9lection rigoureuse et un soutien toujours pr\u00e9sent.<\/p>\n","protected":false},"excerpt":{"rendered":"<p data-start=\"519\" data-end=\"603\">Une fa\u00e7on simple d&#8217;offrir un cadeau attentionn\u00e9, m\u00eame \u00e0 distance.<\/p>\n","protected":false},"featured_media":37573,"template":"","meta":{"_et_pb_use_builder":"","_et_pb_old_content":"","_et_gb_content_width":""},"product_brand":[],"product_cat":[994],"product_tag":[],"class_list":{"0":"post-37932","1":"product","2":"type-product","3":"status-publish","4":"has-post-thumbnail","6":"product_cat-bons-cadeaux","8":"first","9":"instock","10":"purchasable","11":"product-type-pw-gift-card"},"yoast_head":"<!-- This site is optimized with the Yoast SEO plugin v27.1.1 - https:\/\/yoast.com\/product\/yoast-seo-wordpress\/ -->\n<title>Ch\u00e8que-cadeau pour liste de naissance - Benedetti bimbo - Ventimiglia<\/title>\n<meta name=\"robots\" content=\"index, follow, max-snippet:-1, max-image-preview:large, max-video-preview:-1\" \/>\n<link rel=\"canonical\" href=\"https:\/\/www.benedettibimbo.it\/fr\/shop\/bons-cadeaux\/cheque-cadeau-pour-liste-de-naissance\/\" \/>\n<meta property=\"og:locale\" content=\"fr_FR\" \/>\n<meta property=\"og:type\" content=\"article\" \/>\n<meta property=\"og:title\" content=\"Ch\u00e8que-cadeau pour liste de naissance - Benedetti bimbo - Ventimiglia\" \/>\n<meta property=\"og:description\" content=\"Une fa\u00e7on simple d&#039;offrir un cadeau attentionn\u00e9, m\u00eame \u00e0 distance.\" \/>\n<meta property=\"og:url\" content=\"https:\/\/www.benedettibimbo.it\/fr\/shop\/bons-cadeaux\/cheque-cadeau-pour-liste-de-naissance\/\" \/>\n<meta property=\"og:site_name\" content=\"Benedetti bimbo - Ventimiglia\" \/>\n<meta property=\"article:publisher\" content=\"https:\/\/www.facebook.com\/benedettibimbo\/\" \/>\n<meta property=\"article:modified_time\" content=\"2026-01-21T12:05:30+00:00\" \/>\n<meta property=\"og:image\" content=\"https:\/\/www.benedettibimbo.it\/wp-content\/uploads\/2025\/12\/cicogne-1024.jpg\" \/>\n\t<meta property=\"og:image:width\" content=\"1024\" \/>\n\t<meta property=\"og:image:height\" content=\"614\" \/>\n\t<meta property=\"og:image:type\" content=\"image\/jpeg\" \/>\n<meta name=\"twitter:card\" content=\"summary_large_image\" \/>\n<script type=\"application\/ld+json\" class=\"yoast-schema-graph\">{\"@context\":\"https:\/\/schema.org\",\"@graph\":[{\"@type\":\"WebPage\",\"@id\":\"https:\/\/www.benedettibimbo.it\/fr\/shop\/bons-cadeaux\/cheque-cadeau-pour-liste-de-naissance\/\",\"url\":\"https:\/\/www.benedettibimbo.it\/fr\/shop\/bons-cadeaux\/cheque-cadeau-pour-liste-de-naissance\/\",\"name\":\"Ch\u00e8que-cadeau pour liste de naissance - Benedetti bimbo - Ventimiglia\",\"isPartOf\":{\"@id\":\"https:\/\/www.benedettibimbo.it\/fr\/#website\"},\"primaryImageOfPage\":{\"@id\":\"https:\/\/www.benedettibimbo.it\/fr\/shop\/bons-cadeaux\/cheque-cadeau-pour-liste-de-naissance\/#primaryimage\"},\"image\":{\"@id\":\"https:\/\/www.benedettibimbo.it\/fr\/shop\/bons-cadeaux\/cheque-cadeau-pour-liste-de-naissance\/#primaryimage\"},\"thumbnailUrl\":\"https:\/\/www.benedettibimbo.it\/wp-content\/uploads\/2025\/12\/cicogne-1024.jpg\",\"datePublished\":\"2026-01-03T17:35:45+00:00\",\"dateModified\":\"2026-01-21T12:05:30+00:00\",\"breadcrumb\":{\"@id\":\"https:\/\/www.benedettibimbo.it\/fr\/shop\/bons-cadeaux\/cheque-cadeau-pour-liste-de-naissance\/#breadcrumb\"},\"inLanguage\":\"fr-FR\",\"potentialAction\":[{\"@type\":\"ReadAction\",\"target\":[\"https:\/\/www.benedettibimbo.it\/fr\/shop\/bons-cadeaux\/cheque-cadeau-pour-liste-de-naissance\/\"]}]},{\"@type\":\"ImageObject\",\"inLanguage\":\"fr-FR\",\"@id\":\"https:\/\/www.benedettibimbo.it\/fr\/shop\/bons-cadeaux\/cheque-cadeau-pour-liste-de-naissance\/#primaryimage\",\"url\":\"https:\/\/www.benedettibimbo.it\/wp-content\/uploads\/2025\/12\/cicogne-1024.jpg\",\"contentUrl\":\"https:\/\/www.benedettibimbo.it\/wp-content\/uploads\/2025\/12\/cicogne-1024.jpg\",\"width\":1024,\"height\":614,\"caption\":\"Ensemble de cigognes volant avec des nouveau-n\u00e9s, illustration vectorielle de cigogne d\u00e9posant un b\u00e9b\u00e9 (dessin anim\u00e9).\"},{\"@type\":\"BreadcrumbList\",\"@id\":\"https:\/\/www.benedettibimbo.it\/fr\/shop\/bons-cadeaux\/cheque-cadeau-pour-liste-de-naissance\/#breadcrumb\",\"itemListElement\":[{\"@type\":\"ListItem\",\"position\":1,\"name\":\"Home\",\"item\":\"https:\/\/www.benedettibimbo.it\/fr\/home1\/\"},{\"@type\":\"ListItem\",\"position\":2,\"name\":\"Boutique\",\"item\":\"https:\/\/www.benedettibimbo.it\/fr\/boutique\/\"},{\"@type\":\"ListItem\",\"position\":3,\"name\":\"Ch\u00e8que-cadeau pour liste de naissance\"}]},{\"@type\":\"WebSite\",\"@id\":\"https:\/\/www.benedettibimbo.it\/fr\/#website\",\"url\":\"https:\/\/www.benedettibimbo.it\/fr\/\",\"name\":\"Benedetti bimbo - Ventimiglia\",\"description\":\"Da oltre 117 anni diamo consigli ai nostri clienti.\",\"publisher\":{\"@id\":\"https:\/\/www.benedettibimbo.it\/fr\/#organization\"},\"potentialAction\":[{\"@type\":\"SearchAction\",\"target\":{\"@type\":\"EntryPoint\",\"urlTemplate\":\"https:\/\/www.benedettibimbo.it\/fr\/?s={search_term_string}\"},\"query-input\":{\"@type\":\"PropertyValueSpecification\",\"valueRequired\":true,\"valueName\":\"search_term_string\"}}],\"inLanguage\":\"fr-FR\"},{\"@type\":\"Organization\",\"@id\":\"https:\/\/www.benedettibimbo.it\/fr\/#organization\",\"name\":\"Benedetti bimbo - Ventimiglia\",\"url\":\"https:\/\/www.benedettibimbo.it\/fr\/\",\"logo\":{\"@type\":\"ImageObject\",\"inLanguage\":\"fr-FR\",\"@id\":\"https:\/\/www.benedettibimbo.it\/fr\/#\/schema\/logo\/image\/\",\"url\":\"https:\/\/www.benedettibimbo.it\/wp-content\/uploads\/2020\/03\/cropped-logo.jpg\",\"contentUrl\":\"https:\/\/www.benedettibimbo.it\/wp-content\/uploads\/2020\/03\/cropped-logo.jpg\",\"width\":512,\"height\":512,\"caption\":\"Benedetti bimbo - Ventimiglia\"},\"image\":{\"@id\":\"https:\/\/www.benedettibimbo.it\/fr\/#\/schema\/logo\/image\/\"},\"sameAs\":[\"https:\/\/www.facebook.com\/benedettibimbo\/\"]}]}<\/script>\n<!-- \/ Yoast SEO plugin. -->","yoast_head_json":{"title":"Ch\u00e8que-cadeau pour liste de naissance - Benedetti bimbo - Ventimiglia","robots":{"index":"index","follow":"follow","max-snippet":"max-snippet:-1","max-image-preview":"max-image-preview:large","max-video-preview":"max-video-preview:-1"},"canonical":"https:\/\/www.benedettibimbo.it\/fr\/shop\/bons-cadeaux\/cheque-cadeau-pour-liste-de-naissance\/","og_locale":"fr_FR","og_type":"article","og_title":"Ch\u00e8que-cadeau pour liste de naissance - Benedetti bimbo - Ventimiglia","og_description":"Une fa\u00e7on simple d'offrir un cadeau attentionn\u00e9, m\u00eame \u00e0 distance.","og_url":"https:\/\/www.benedettibimbo.it\/fr\/shop\/bons-cadeaux\/cheque-cadeau-pour-liste-de-naissance\/","og_site_name":"Benedetti bimbo - Ventimiglia","article_publisher":"https:\/\/www.facebook.com\/benedettibimbo\/","article_modified_time":"2026-01-21T12:05:30+00:00","og_image":[{"width":1024,"height":614,"url":"https:\/\/www.benedettibimbo.it\/wp-content\/uploads\/2025\/12\/cicogne-1024.jpg","type":"image\/jpeg"}],"twitter_card":"summary_large_image","schema":{"@context":"https:\/\/schema.org","@graph":[{"@type":"WebPage","@id":"https:\/\/www.benedettibimbo.it\/fr\/shop\/bons-cadeaux\/cheque-cadeau-pour-liste-de-naissance\/","url":"https:\/\/www.benedettibimbo.it\/fr\/shop\/bons-cadeaux\/cheque-cadeau-pour-liste-de-naissance\/","name":"Ch\u00e8que-cadeau pour liste de naissance - Benedetti bimbo - Ventimiglia","isPartOf":{"@id":"https:\/\/www.benedettibimbo.it\/fr\/#website"},"primaryImageOfPage":{"@id":"https:\/\/www.benedettibimbo.it\/fr\/shop\/bons-cadeaux\/cheque-cadeau-pour-liste-de-naissance\/#primaryimage"},"image":{"@id":"https:\/\/www.benedettibimbo.it\/fr\/shop\/bons-cadeaux\/cheque-cadeau-pour-liste-de-naissance\/#primaryimage"},"thumbnailUrl":"https:\/\/www.benedettibimbo.it\/wp-content\/uploads\/2025\/12\/cicogne-1024.jpg","datePublished":"2026-01-03T17:35:45+00:00","dateModified":"2026-01-21T12:05:30+00:00","breadcrumb":{"@id":"https:\/\/www.benedettibimbo.it\/fr\/shop\/bons-cadeaux\/cheque-cadeau-pour-liste-de-naissance\/#breadcrumb"},"inLanguage":"fr-FR","potentialAction":[{"@type":"ReadAction","target":["https:\/\/www.benedettibimbo.it\/fr\/shop\/bons-cadeaux\/cheque-cadeau-pour-liste-de-naissance\/"]}]},{"@type":"ImageObject","inLanguage":"fr-FR","@id":"https:\/\/www.benedettibimbo.it\/fr\/shop\/bons-cadeaux\/cheque-cadeau-pour-liste-de-naissance\/#primaryimage","url":"https:\/\/www.benedettibimbo.it\/wp-content\/uploads\/2025\/12\/cicogne-1024.jpg","contentUrl":"https:\/\/www.benedettibimbo.it\/wp-content\/uploads\/2025\/12\/cicogne-1024.jpg","width":1024,"height":614,"caption":"Ensemble de cigognes volant avec des nouveau-n\u00e9s, illustration vectorielle de cigogne d\u00e9posant un b\u00e9b\u00e9 (dessin anim\u00e9)."},{"@type":"BreadcrumbList","@id":"https:\/\/www.benedettibimbo.it\/fr\/shop\/bons-cadeaux\/cheque-cadeau-pour-liste-de-naissance\/#breadcrumb","itemListElement":[{"@type":"ListItem","position":1,"name":"Home","item":"https:\/\/www.benedettibimbo.it\/fr\/home1\/"},{"@type":"ListItem","position":2,"name":"Boutique","item":"https:\/\/www.benedettibimbo.it\/fr\/boutique\/"},{"@type":"ListItem","position":3,"name":"Ch\u00e8que-cadeau pour liste de naissance"}]},{"@type":"WebSite","@id":"https:\/\/www.benedettibimbo.it\/fr\/#website","url":"https:\/\/www.benedettibimbo.it\/fr\/","name":"Benedetti bimbo - Ventimiglia","description":"Da oltre 117 anni diamo consigli ai nostri clienti.","publisher":{"@id":"https:\/\/www.benedettibimbo.it\/fr\/#organization"},"potentialAction":[{"@type":"SearchAction","target":{"@type":"EntryPoint","urlTemplate":"https:\/\/www.benedettibimbo.it\/fr\/?s={search_term_string}"},"query-input":{"@type":"PropertyValueSpecification","valueRequired":true,"valueName":"search_term_string"}}],"inLanguage":"fr-FR"},{"@type":"Organization","@id":"https:\/\/www.benedettibimbo.it\/fr\/#organization","name":"Benedetti bimbo - Ventimiglia","url":"https:\/\/www.benedettibimbo.it\/fr\/","logo":{"@type":"ImageObject","inLanguage":"fr-FR","@id":"https:\/\/www.benedettibimbo.it\/fr\/#\/schema\/logo\/image\/","url":"https:\/\/www.benedettibimbo.it\/wp-content\/uploads\/2020\/03\/cropped-logo.jpg","contentUrl":"https:\/\/www.benedettibimbo.it\/wp-content\/uploads\/2020\/03\/cropped-logo.jpg","width":512,"height":512,"caption":"Benedetti bimbo - Ventimiglia"},"image":{"@id":"https:\/\/www.benedettibimbo.it\/fr\/#\/schema\/logo\/image\/"},"sameAs":["https:\/\/www.facebook.com\/benedettibimbo\/"]}]}},"_links":{"self":[{"href":"https:\/\/www.benedettibimbo.it\/fr\/wp-json\/wp\/v2\/product\/37932","targetHints":{"allow":["GET"]}}],"collection":[{"href":"https:\/\/www.benedettibimbo.it\/fr\/wp-json\/wp\/v2\/product"}],"about":[{"href":"https:\/\/www.benedettibimbo.it\/fr\/wp-json\/wp\/v2\/types\/product"}],"wp:featuredmedia":[{"embeddable":true,"href":"https:\/\/www.benedettibimbo.it\/fr\/wp-json\/wp\/v2\/media\/37573"}],"wp:attachment":[{"href":"https:\/\/www.benedettibimbo.it\/fr\/wp-json\/wp\/v2\/media?parent=37932"}],"wp:term":[{"taxonomy":"product_brand","embeddable":true,"href":"https:\/\/www.benedettibimbo.it\/fr\/wp-json\/wp\/v2\/product_brand?post=37932"},{"taxonomy":"product_cat","embeddable":true,"href":"https:\/\/www.benedettibimbo.it\/fr\/wp-json\/wp\/v2\/product_cat?post=37932"},{"taxonomy":"product_tag","embeddable":true,"href":"https:\/\/www.benedettibimbo.it\/fr\/wp-json\/wp\/v2\/product_tag?post=37932"}],"curies":[{"name":"wp","href":"https:\/\/api.w.org\/{rel}","templated":true}]}}