{"id":36767,"date":"2025-06-22T11:27:00","date_gmt":"2025-06-22T09:27:00","guid":{"rendered":"https:\/\/www.benedettibimbo.it\/bienvenu\/ou-nous-sommes-et-heures-douverture\/"},"modified":"2025-12-07T15:25:55","modified_gmt":"2025-12-07T14:25:55","slug":"ou-nous-sommes-et-heures-douverture","status":"publish","type":"page","link":"https:\/\/www.benedettibimbo.it\/fr\/bienvenu\/ou-nous-sommes-et-heures-douverture\/","title":{"rendered":"O\u00f9 nous sommes et heures d&#8217;ouverture"},"content":{"rendered":"<p>[et_pb_section fb_built=&#8221;1&#8243; _builder_version=&#8221;4.16&#8243; global_colors_info=&#8221;{}&#8221;][et_pb_row _builder_version=&#8221;4.16&#8243; custom_padding=&#8221;29px|||||&#8221; global_colors_info=&#8221;{}&#8221;][et_pb_column type=&#8221;4_4&#8243; _builder_version=&#8221;4.16&#8243; global_colors_info=&#8221;{}&#8221;][et_pb_text _builder_version=&#8221;4.27.4&#8243; text_font=&#8221;||||||||&#8221; text_orientation=&#8221;center&#8221; custom_padding=&#8221;||0px|||&#8221; global_colors_info=&#8221;{}&#8221;]<\/p>\n<h1> <\/h1>\n<h1>O\u00f9 nous sommes<\/h1>\n<p>&nbsp;<\/p>\n<p>BENEDETTI<br \/>Av. Cavour 1\/A &#8211; 18039 Ventimiglia (IM) &#8211; Italie<br \/>Tel\/Fax\/Whatsapp : +39 0184 351656<\/p>\n<p>Courriel : <a>info@benedettibimbo.it<\/a><\/p>\n<p><strong>Calendrier d\u00e9cembre 2025<\/strong><\/p>\n<p><strong>Du lundi au dimanche jusqu&#8217;\u00e0 No\u00ebl : 15h30-19h00<\/strong><\/p>\n<p><strong>Du mardi au samedi<\/strong> : 9h30-12h30, 15h30-19h00<\/p>\n<p><strong>Du dimanche jusqu&#8217;\u00e0 No\u00ebl : 10h30-12h30, 15h30-19h00<\/strong><\/p>\n<p>Ferm\u00e9 : jeudi 25, vendredi 26, dimanche 28 et lundi 29.<strong><\/strong><\/p>\n<p>&nbsp;<\/p>\n<p>[\/et_pb_text][et_pb_code _builder_version=&#8221;4.16&#8243; text_orientation=&#8221;center&#8221; custom_margin=&#8221;-32px|||||&#8221; custom_padding=&#8221;0px|||||&#8221; global_colors_info=&#8221;{}&#8221;]<iframe loading=\"lazy\" width=\"425\" height=\"350\" frameborder=\"0\" scrolling=\"no\" marginheight=\"0\" marginwidth=\"0\" src=\"https:\/\/www.google.com\/maps\/d\/embed?mid=1zG11NueQGCI7fw2h4nXcW8RzJPM&amp;ie=UTF8&amp;t=h&amp;hl=it&amp;oe=UTF8&amp;msa=0&amp;ll=43.792941%2C7.605596999999989&amp;spn=0%2C0&amp;output=embed&amp;z=17\"><!-- [et_pb_line_break_holder] --><\/iframe><!-- [et_pb_line_break_holder] -->[\/et_pb_code][\/et_pb_column][\/et_pb_row][\/et_pb_section]<\/p>\n","protected":false},"excerpt":{"rendered":"<p>O\u00f9 nous sommes &nbsp; BENEDETTIAv. Cavour 1\/A &#8211; 18039 Ventimiglia (IM) &#8211; ItalieTel\/Fax\/Whatsapp : +39 0184 351656 Courriel : info@benedettibimbo.it Calendrier d\u00e9cembre 2025 Du lundi au dimanche jusqu&#8217;\u00e0 No\u00ebl : 15h30-19h00 Du mardi au samedi : 9h30-12h30, 15h30-19h00 Du dimanche jusqu&#8217;\u00e0 No\u00ebl : 10h30-12h30, 15h30-19h00 Ferm\u00e9 : jeudi 25, vendredi 26, dimanche 28 et lundi [&hellip;]<\/p>\n","protected":false},"author":1,"featured_media":0,"parent":1052,"menu_order":0,"comment_status":"closed","ping_status":"closed","template":"","meta":{"_et_pb_use_builder":"on","_et_pb_old_content":"","_et_gb_content_width":"","footnotes":""},"class_list":["post-36767","page","type-page","status-publish","hentry"],"yoast_head":"<!-- This site is optimized with the Yoast SEO plugin v27.1.1 - https:\/\/yoast.com\/product\/yoast-seo-wordpress\/ -->\n<title>O\u00f9 nous sommes et heures d&#039;ouverture - Benedetti bimbo - Ventimiglia<\/title>\n<meta name=\"description\" content=\"Venez nous voir, nous sommes \u00e0 Ventimiglia (Italie), 1\/A, Av Cavour - rond-point Turin. Voici nos heures d&#039;ouverture.\" \/>\n<meta name=\"robots\" content=\"index, follow, max-snippet:-1, max-image-preview:large, max-video-preview:-1\" \/>\n<link rel=\"canonical\" href=\"https:\/\/www.benedettibimbo.it\/fr\/bienvenu\/ou-nous-sommes-et-heures-douverture\/\" \/>\n<meta property=\"og:locale\" content=\"fr_FR\" \/>\n<meta property=\"og:type\" content=\"article\" \/>\n<meta property=\"og:title\" content=\"O\u00f9 nous sommes et heures d&#039;ouverture - Benedetti bimbo - Ventimiglia\" \/>\n<meta property=\"og:description\" content=\"Venez nous voir, nous sommes \u00e0 Ventimiglia (Italie), 1\/A, Av Cavour - rond-point Turin. Voici nos heures d&#039;ouverture.\" \/>\n<meta property=\"og:url\" content=\"https:\/\/www.benedettibimbo.it\/fr\/bienvenu\/ou-nous-sommes-et-heures-douverture\/\" \/>\n<meta property=\"og:site_name\" content=\"Benedetti bimbo - Ventimiglia\" \/>\n<meta property=\"article:publisher\" content=\"https:\/\/www.facebook.com\/benedettibimbo\/\" \/>\n<meta property=\"article:modified_time\" content=\"2025-12-07T14:25:55+00:00\" \/>\n<meta name=\"twitter:card\" content=\"summary_large_image\" \/>\n<meta name=\"twitter:label1\" content=\"Dur\u00e9e de lecture estim\u00e9e\" \/>\n\t<meta name=\"twitter:data1\" content=\"1 minute\" \/>\n<script type=\"application\/ld+json\" class=\"yoast-schema-graph\">{\"@context\":\"https:\/\/schema.org\",\"@graph\":[{\"@type\":\"WebPage\",\"@id\":\"https:\/\/www.benedettibimbo.it\/fr\/bienvenu\/ou-nous-sommes-et-heures-douverture\/\",\"url\":\"https:\/\/www.benedettibimbo.it\/fr\/bienvenu\/ou-nous-sommes-et-heures-douverture\/\",\"name\":\"O\u00f9 nous sommes et heures d'ouverture - Benedetti bimbo - Ventimiglia\",\"isPartOf\":{\"@id\":\"https:\/\/www.benedettibimbo.it\/fr\/#website\"},\"datePublished\":\"2025-06-22T09:27:00+00:00\",\"dateModified\":\"2025-12-07T14:25:55+00:00\",\"description\":\"Venez nous voir, nous sommes \u00e0 Ventimiglia (Italie), 1\/A, Av Cavour - rond-point Turin. Voici nos heures d'ouverture.\",\"breadcrumb\":{\"@id\":\"https:\/\/www.benedettibimbo.it\/fr\/bienvenu\/ou-nous-sommes-et-heures-douverture\/#breadcrumb\"},\"inLanguage\":\"fr-FR\",\"potentialAction\":[{\"@type\":\"ReadAction\",\"target\":[\"https:\/\/www.benedettibimbo.it\/fr\/bienvenu\/ou-nous-sommes-et-heures-douverture\/\"]}]},{\"@type\":\"BreadcrumbList\",\"@id\":\"https:\/\/www.benedettibimbo.it\/fr\/bienvenu\/ou-nous-sommes-et-heures-douverture\/#breadcrumb\",\"itemListElement\":[{\"@type\":\"ListItem\",\"position\":1,\"name\":\"Home\",\"item\":\"https:\/\/www.benedettibimbo.it\/fr\/home1\/\"},{\"@type\":\"ListItem\",\"position\":2,\"name\":\"Benvenuti\",\"item\":\"https:\/\/www.benedettibimbo.it\/fr\/bienvenu\/\"},{\"@type\":\"ListItem\",\"position\":3,\"name\":\"O\u00f9 nous sommes et heures d&#8217;ouverture\"}]},{\"@type\":\"WebSite\",\"@id\":\"https:\/\/www.benedettibimbo.it\/fr\/#website\",\"url\":\"https:\/\/www.benedettibimbo.it\/fr\/\",\"name\":\"Benedetti bimbo - Ventimiglia\",\"description\":\"Da oltre 117 anni diamo consigli ai nostri clienti.\",\"publisher\":{\"@id\":\"https:\/\/www.benedettibimbo.it\/fr\/#organization\"},\"potentialAction\":[{\"@type\":\"SearchAction\",\"target\":{\"@type\":\"EntryPoint\",\"urlTemplate\":\"https:\/\/www.benedettibimbo.it\/fr\/?s={search_term_string}\"},\"query-input\":{\"@type\":\"PropertyValueSpecification\",\"valueRequired\":true,\"valueName\":\"search_term_string\"}}],\"inLanguage\":\"fr-FR\"},{\"@type\":\"Organization\",\"@id\":\"https:\/\/www.benedettibimbo.it\/fr\/#organization\",\"name\":\"Benedetti bimbo - Ventimiglia\",\"url\":\"https:\/\/www.benedettibimbo.it\/fr\/\",\"logo\":{\"@type\":\"ImageObject\",\"inLanguage\":\"fr-FR\",\"@id\":\"https:\/\/www.benedettibimbo.it\/fr\/#\/schema\/logo\/image\/\",\"url\":\"https:\/\/www.benedettibimbo.it\/wp-content\/uploads\/2020\/03\/cropped-logo.jpg\",\"contentUrl\":\"https:\/\/www.benedettibimbo.it\/wp-content\/uploads\/2020\/03\/cropped-logo.jpg\",\"width\":512,\"height\":512,\"caption\":\"Benedetti bimbo - Ventimiglia\"},\"image\":{\"@id\":\"https:\/\/www.benedettibimbo.it\/fr\/#\/schema\/logo\/image\/\"},\"sameAs\":[\"https:\/\/www.facebook.com\/benedettibimbo\/\"]}]}<\/script>\n<!-- \/ Yoast SEO plugin. -->","yoast_head_json":{"title":"O\u00f9 nous sommes et heures d'ouverture - Benedetti bimbo - Ventimiglia","description":"Venez nous voir, nous sommes \u00e0 Ventimiglia (Italie), 1\/A, Av Cavour - rond-point Turin. Voici nos heures d'ouverture.","robots":{"index":"index","follow":"follow","max-snippet":"max-snippet:-1","max-image-preview":"max-image-preview:large","max-video-preview":"max-video-preview:-1"},"canonical":"https:\/\/www.benedettibimbo.it\/fr\/bienvenu\/ou-nous-sommes-et-heures-douverture\/","og_locale":"fr_FR","og_type":"article","og_title":"O\u00f9 nous sommes et heures d'ouverture - Benedetti bimbo - Ventimiglia","og_description":"Venez nous voir, nous sommes \u00e0 Ventimiglia (Italie), 1\/A, Av Cavour - rond-point Turin. Voici nos heures d'ouverture.","og_url":"https:\/\/www.benedettibimbo.it\/fr\/bienvenu\/ou-nous-sommes-et-heures-douverture\/","og_site_name":"Benedetti bimbo - Ventimiglia","article_publisher":"https:\/\/www.facebook.com\/benedettibimbo\/","article_modified_time":"2025-12-07T14:25:55+00:00","twitter_card":"summary_large_image","twitter_misc":{"Dur\u00e9e de lecture estim\u00e9e":"1 minute"},"schema":{"@context":"https:\/\/schema.org","@graph":[{"@type":"WebPage","@id":"https:\/\/www.benedettibimbo.it\/fr\/bienvenu\/ou-nous-sommes-et-heures-douverture\/","url":"https:\/\/www.benedettibimbo.it\/fr\/bienvenu\/ou-nous-sommes-et-heures-douverture\/","name":"O\u00f9 nous sommes et heures d'ouverture - Benedetti bimbo - Ventimiglia","isPartOf":{"@id":"https:\/\/www.benedettibimbo.it\/fr\/#website"},"datePublished":"2025-06-22T09:27:00+00:00","dateModified":"2025-12-07T14:25:55+00:00","description":"Venez nous voir, nous sommes \u00e0 Ventimiglia (Italie), 1\/A, Av Cavour - rond-point Turin. Voici nos heures d'ouverture.","breadcrumb":{"@id":"https:\/\/www.benedettibimbo.it\/fr\/bienvenu\/ou-nous-sommes-et-heures-douverture\/#breadcrumb"},"inLanguage":"fr-FR","potentialAction":[{"@type":"ReadAction","target":["https:\/\/www.benedettibimbo.it\/fr\/bienvenu\/ou-nous-sommes-et-heures-douverture\/"]}]},{"@type":"BreadcrumbList","@id":"https:\/\/www.benedettibimbo.it\/fr\/bienvenu\/ou-nous-sommes-et-heures-douverture\/#breadcrumb","itemListElement":[{"@type":"ListItem","position":1,"name":"Home","item":"https:\/\/www.benedettibimbo.it\/fr\/home1\/"},{"@type":"ListItem","position":2,"name":"Benvenuti","item":"https:\/\/www.benedettibimbo.it\/fr\/bienvenu\/"},{"@type":"ListItem","position":3,"name":"O\u00f9 nous sommes et heures d&#8217;ouverture"}]},{"@type":"WebSite","@id":"https:\/\/www.benedettibimbo.it\/fr\/#website","url":"https:\/\/www.benedettibimbo.it\/fr\/","name":"Benedetti bimbo - Ventimiglia","description":"Da oltre 117 anni diamo consigli ai nostri clienti.","publisher":{"@id":"https:\/\/www.benedettibimbo.it\/fr\/#organization"},"potentialAction":[{"@type":"SearchAction","target":{"@type":"EntryPoint","urlTemplate":"https:\/\/www.benedettibimbo.it\/fr\/?s={search_term_string}"},"query-input":{"@type":"PropertyValueSpecification","valueRequired":true,"valueName":"search_term_string"}}],"inLanguage":"fr-FR"},{"@type":"Organization","@id":"https:\/\/www.benedettibimbo.it\/fr\/#organization","name":"Benedetti bimbo - Ventimiglia","url":"https:\/\/www.benedettibimbo.it\/fr\/","logo":{"@type":"ImageObject","inLanguage":"fr-FR","@id":"https:\/\/www.benedettibimbo.it\/fr\/#\/schema\/logo\/image\/","url":"https:\/\/www.benedettibimbo.it\/wp-content\/uploads\/2020\/03\/cropped-logo.jpg","contentUrl":"https:\/\/www.benedettibimbo.it\/wp-content\/uploads\/2020\/03\/cropped-logo.jpg","width":512,"height":512,"caption":"Benedetti bimbo - Ventimiglia"},"image":{"@id":"https:\/\/www.benedettibimbo.it\/fr\/#\/schema\/logo\/image\/"},"sameAs":["https:\/\/www.facebook.com\/benedettibimbo\/"]}]}},"_links":{"self":[{"href":"https:\/\/www.benedettibimbo.it\/fr\/wp-json\/wp\/v2\/pages\/36767","targetHints":{"allow":["GET"]}}],"collection":[{"href":"https:\/\/www.benedettibimbo.it\/fr\/wp-json\/wp\/v2\/pages"}],"about":[{"href":"https:\/\/www.benedettibimbo.it\/fr\/wp-json\/wp\/v2\/types\/page"}],"author":[{"embeddable":true,"href":"https:\/\/www.benedettibimbo.it\/fr\/wp-json\/wp\/v2\/users\/1"}],"replies":[{"embeddable":true,"href":"https:\/\/www.benedettibimbo.it\/fr\/wp-json\/wp\/v2\/comments?post=36767"}],"version-history":[{"count":4,"href":"https:\/\/www.benedettibimbo.it\/fr\/wp-json\/wp\/v2\/pages\/36767\/revisions"}],"predecessor-version":[{"id":37509,"href":"https:\/\/www.benedettibimbo.it\/fr\/wp-json\/wp\/v2\/pages\/36767\/revisions\/37509"}],"up":[{"embeddable":true,"href":"https:\/\/www.benedettibimbo.it\/fr\/wp-json\/wp\/v2\/pages\/1052"}],"wp:attachment":[{"href":"https:\/\/www.benedettibimbo.it\/fr\/wp-json\/wp\/v2\/media?parent=36767"}],"curies":[{"name":"wp","href":"https:\/\/api.w.org\/{rel}","templated":true}]}}