{"id":1220,"date":"2020-03-29T13:05:38","date_gmt":"2020-03-29T11:05:38","guid":{"rendered":"https:\/\/www.benedettibimbo.it\/home\/liste-de-naissance\/"},"modified":"2026-04-30T16:04:21","modified_gmt":"2026-04-30T14:04:21","slug":"liste-de-naissance","status":"publish","type":"page","link":"https:\/\/www.benedettibimbo.it\/fr\/liste-de-naissance\/","title":{"rendered":"Liste de naissance"},"content":{"rendered":"<p>[et_pb_section fb_built=&#8221;1&#8243; _builder_version=&#8221;4.16&#8243; custom_padding=&#8221;3px|||||&#8221; global_colors_info=&#8221;{}&#8221;][et_pb_row _builder_version=&#8221;4.16&#8243; custom_padding=&#8221;3px|||||&#8221; global_colors_info=&#8221;{}&#8221;][et_pb_column type=&#8221;4_4&#8243; _builder_version=&#8221;4.16&#8243; global_colors_info=&#8221;{}&#8221;][et_pb_text _builder_version=&#8221;4.27.5&#8243; text_font=&#8221;|||on|||||&#8221; text_orientation=&#8221;center&#8221; min_height=&#8221;39px&#8221; custom_margin=&#8221;1px|||||&#8221; custom_padding=&#8221;30px|||||&#8221; text_text_shadow_style=&#8221;preset1&#8243; global_colors_info=&#8221;{}&#8221;]<\/p>\n<h1>Liste de naissance<\/h1>\n<p>[\/et_pb_text][\/et_pb_column][\/et_pb_row][et_pb_row column_structure=&#8221;1_2,1_2&#8243; _builder_version=&#8221;4.16&#8243; min_height=&#8221;604px&#8221; custom_margin=&#8221;-24px|auto||auto||&#8221; custom_padding=&#8221;30px||45px|||&#8221; global_colors_info=&#8221;{}&#8221;][et_pb_column type=&#8221;1_2&#8243; _builder_version=&#8221;4.16&#8243; global_colors_info=&#8221;{}&#8221;][et_pb_image src=&#8221;https:\/\/www.benedettibimbo.it\/wp-content\/uploads\/sites\/47\/2020\/03\/97195801_l-scaled.jpg&#8221; _builder_version=&#8221;4.16&#8243; width_tablet=&#8221;50%&#8221; width_phone=&#8221;50%&#8221; width_last_edited=&#8221;on|phone&#8221; module_alignment=&#8221;center&#8221; custom_padding=&#8221;0px|||||&#8221; box_shadow_style=&#8221;preset2&#8243; global_colors_info=&#8221;{}&#8221;][\/et_pb_image][\/et_pb_column][et_pb_column type=&#8221;1_2&#8243; _builder_version=&#8221;4.16&#8243; global_colors_info=&#8221;{}&#8221;][et_pb_text _builder_version=&#8221;4.16&#8243; custom_padding=&#8221;41px|||||&#8221; global_colors_info=&#8221;{}&#8221;]<\/p>\n<p>La liste de naissance est une aide pr\u00e9cieuse pour comprendre ce dont vous pourriez avoir besoin pour l&#8217;arriv\u00e9e du b\u00e9b\u00e9.<\/p>\n<p>C&#8217;est aussi une bonne solution pour guider parents et amis dans le choix d&#8217;un cadeau.<\/p>\n<p>Pour mieux comprendre ce qui est n\u00e9cessaire, nous avons donc pens\u00e9 \u00e0 pr\u00e9parer un formulaire imprimable de liste de naissance qui pourra servir de guide.<\/p>\n<p>[\/et_pb_text][et_pb_button button_url=&#8221;\/wp-content\/uploads\/2026\/02\/Modello-Lista-Nascita-2026-2-1.pdf&#8221; button_text=&#8221;Voir notre mod\u00e8le de liste de naissance &#8221; button_alignment=&#8221;center&#8221; _builder_version=&#8221;4.27.5&#8243; filter_saturate=&#8221;123%&#8221; filter_brightness=&#8221;113%&#8221; box_shadow_style=&#8221;preset1&#8243; global_colors_info=&#8221;{}&#8221;][\/et_pb_button][et_pb_text _builder_version=&#8221;4.16&#8243; global_colors_info=&#8221;{}&#8221;]<\/p>\n<p>Nous sommes \u00e0 votre disposition pour r\u00e9pondre \u00e0 vos questions, pour vous pr\u00e9senter les diff\u00e9rentes solutions et produits et pour vous assister dans ce bel \u00e9v\u00e9nement.<\/p>\n<p>[\/et_pb_text][\/et_pb_column][\/et_pb_row][et_pb_row column_structure=&#8221;1_2,1_2&#8243; disabled_on=&#8221;off|off|off&#8221; _builder_version=&#8221;4.16&#8243; global_colors_info=&#8221;{}&#8221;][et_pb_column type=&#8221;1_2&#8243; _builder_version=&#8221;4.16&#8243; global_colors_info=&#8221;{}&#8221;][et_pb_text module_id=&#8221;Liste&#8221; _builder_version=&#8221;4.18.1&#8243; custom_margin_tablet=&#8221;&#8221; custom_margin_phone=&#8221;&#8221; custom_margin_last_edited=&#8221;on|desktop&#8221; global_colors_info=&#8221;{}&#8221;]<\/p>\n<p>Benedetti vous propose d&#8217;avoir votre propre liste de naissance en ligne \u00e0 la disposition de vos parents et amis qui, m\u00eame \u00e0 distance, pourront choisir ce qu&#8217;il faut offrir aux futurs parents exactement comme s&#8217;ils \u00e9taient dans le magasin.<\/p>\n<p>[\/et_pb_text][et_pb_text module_id=&#8221;Liste&#8221; _builder_version=&#8221;4.27.5&#8243; text_font=&#8221;||||||||&#8221; header_font=&#8221;||||||||&#8221; custom_margin=&#8221;||5px|||&#8221; custom_padding=&#8221;||0px|||&#8221; text_text_shadow_style=&#8221;preset1&#8243; global_colors_info=&#8221;{}&#8221;]<\/p>\n<h2>Liste de naissance<\/h2>\n<p>[\/et_pb_text][et_pb_text admin_label=&#8221;Elenco Liste&#8221; _builder_version=&#8221;4.27.6&#8243; min_height=&#8221;115px&#8221; custom_margin=&#8221;0px||||false|false&#8221; custom_padding=&#8221;0px|||||&#8221; hover_enabled=&#8221;0&#8243; global_colors_info=&#8221;{}&#8221; sticky_enabled=&#8221;0&#8243;]<\/p>\n<ul>\n<li><a href=\"https:\/\/www.benedettibimbo.it\/lista-nascita\/lista-filippi-meta-26042301m\/\" title=\"Liste Philippi - M\u00e9ta\">Liste Philippi &#8211; M\u00e9ta<\/a><\/li>\n<li><a href=\"https:\/\/www.benedettibimbo.it\/lista-nascita\/lista-carlino-lettieri-26042001f\/\" title=\"Liste Carlino - Lettieri\">Liste Carlino &#8211; Lettieri<\/a><\/li>\n<li><a href=\"https:\/\/www.benedettibimbo.it\/lista-nascita\/lista-panetta-dalessandro-26032401m\/\">Liste Panetta &#8211; D&#8217;Alessandro<\/a><\/li>\n<li><a title=\"Liste Ielati \u2013 Rosano\" href=\"https:\/\/www.benedettibimbo.it\/fr\/liste-de-naissance\/liste-ielati-rosano-26011701m\/\">Liste Ielati \u2013 Rosano<\/a><\/li>\n<li><a title=\"Liste Pratic\u00f2 - Moretti\" href=\"https:\/\/www.benedettibimbo.it\/lista-nascita\/lista-pratico-moretti\/\">Liste Pratic\u00f2 &#8211; Moretti<\/a><\/li>\n<li><a href=\"https:\/\/www.benedettibimbo.it\/lista-nascita\/lista-ferrari-pastorello-25112201f\/\">Liste Ferrari &#8211; Pastorello<\/a><\/li>\n<li><a href=\"https:\/\/www.benedettibimbo.it\/lista-nascita\/lista-pelle-strangio-25092001f\/\">Liste Pelle &#8211; Strangio<\/a><\/li>\n<li><a title=\"Liste Portera \u2013 Di Franco\" href=\"https:\/\/www.benedettibimbo.it\/fr\/liste-de-naissance\/liste-portera-di-franco-25071901m\/\">Liste Portera \u2013 Di Franco<\/a><\/li>\n<\/ul>\n<p>[\/et_pb_text][et_pb_code _builder_version=&#8221;4.16&#8243; custom_margin=&#8221;-29px||14px|||&#8221; global_colors_info=&#8221;{}&#8221;]<\/p>\n<hr\/>\n<p>[\/et_pb_code][et_pb_text _builder_version=&#8221;4.16&#8243; global_colors_info=&#8221;{}&#8221;]<\/p>\n<p><strong>Nous attendons que vous ajoutiez \u00e9galement votre liste.<\/strong><\/p>\n<p><strong><strong><strong>Nous recommandons de faire un rendez-vous via le formulaire ci-dessous, un appel ou un<\/strong><\/strong><\/strong> <a href=\"https:\/\/wa.me\/390184351656\">simple message WhatsApp au (+39) 0184 351656<\/a>. <\/p>\n<p>&nbsp;<\/p>\n<p>[\/et_pb_text][\/et_pb_column][et_pb_column type=&#8221;1_2&#8243; _builder_version=&#8221;4.16&#8243; global_colors_info=&#8221;{}&#8221;][et_pb_image src=&#8221;https:\/\/www.benedettibimbo.it\/wp-content\/uploads\/sites\/47\/2020\/03\/61630854_l-scaled.jpg&#8221; _builder_version=&#8221;4.16&#8243; width_tablet=&#8221;50%&#8221; width_phone=&#8221;50%&#8221; width_last_edited=&#8221;on|phone&#8221; module_alignment=&#8221;center&#8221; global_colors_info=&#8221;{}&#8221;][\/et_pb_image][\/et_pb_column][\/et_pb_row][\/et_pb_section]<\/p>\n","protected":false},"excerpt":{"rendered":"<p>Liste de naissanceLa liste de naissance est une aide pr\u00e9cieuse pour comprendre ce dont vous pourriez avoir besoin pour l&#8217;arriv\u00e9e du b\u00e9b\u00e9. C&#8217;est aussi une bonne solution pour guider parents et amis dans le choix d&#8217;un cadeau. Pour mieux comprendre ce qui est n\u00e9cessaire, nous avons donc pens\u00e9 \u00e0 pr\u00e9parer un formulaire imprimable de liste [&hellip;]<\/p>\n","protected":false},"author":1,"featured_media":0,"parent":0,"menu_order":0,"comment_status":"closed","ping_status":"closed","template":"","meta":{"_et_pb_use_builder":"on","_et_pb_old_content":"","_et_gb_content_width":"","footnotes":""},"class_list":["post-1220","page","type-page","status-publish","hentry"],"yoast_head":"<!-- This site is optimized with the Yoast SEO plugin v27.1.1 - https:\/\/yoast.com\/product\/yoast-seo-wordpress\/ -->\n<title>Liste de naissance - Benedetti bimbo - Ventimiglia<\/title>\n<meta name=\"robots\" content=\"index, follow, max-snippet:-1, max-image-preview:large, max-video-preview:-1\" \/>\n<link rel=\"canonical\" href=\"https:\/\/www.benedettibimbo.it\/fr\/liste-de-naissance\/\" \/>\n<meta property=\"og:locale\" content=\"fr_FR\" \/>\n<meta property=\"og:type\" content=\"article\" \/>\n<meta property=\"og:title\" content=\"Liste de naissance - Benedetti bimbo - Ventimiglia\" \/>\n<meta property=\"og:description\" content=\"Liste de naissanceLa liste de naissance est une aide pr\u00e9cieuse pour comprendre ce dont vous pourriez avoir besoin pour l&#039;arriv\u00e9e du b\u00e9b\u00e9. C&#039;est aussi une bonne solution pour guider parents et amis dans le choix d&#039;un cadeau. Pour mieux comprendre ce qui est n\u00e9cessaire, nous avons donc pens\u00e9 \u00e0 pr\u00e9parer un formulaire imprimable de liste [&hellip;]\" \/>\n<meta property=\"og:url\" content=\"https:\/\/www.benedettibimbo.it\/fr\/liste-de-naissance\/\" \/>\n<meta property=\"og:site_name\" content=\"Benedetti bimbo - Ventimiglia\" \/>\n<meta property=\"article:publisher\" content=\"https:\/\/www.facebook.com\/benedettibimbo\/\" \/>\n<meta property=\"article:modified_time\" content=\"2026-04-30T14:04:21+00:00\" \/>\n<meta name=\"twitter:card\" content=\"summary_large_image\" \/>\n<meta name=\"twitter:label1\" content=\"Dur\u00e9e de lecture estim\u00e9e\" \/>\n\t<meta name=\"twitter:data1\" content=\"3 minutes\" \/>\n<script type=\"application\/ld+json\" class=\"yoast-schema-graph\">{\"@context\":\"https:\/\/schema.org\",\"@graph\":[{\"@type\":\"WebPage\",\"@id\":\"https:\/\/www.benedettibimbo.it\/fr\/liste-de-naissance\/\",\"url\":\"https:\/\/www.benedettibimbo.it\/fr\/liste-de-naissance\/\",\"name\":\"Liste de naissance - Benedetti bimbo - Ventimiglia\",\"isPartOf\":{\"@id\":\"https:\/\/www.benedettibimbo.it\/fr\/#website\"},\"datePublished\":\"2020-03-29T11:05:38+00:00\",\"dateModified\":\"2026-04-30T14:04:21+00:00\",\"breadcrumb\":{\"@id\":\"https:\/\/www.benedettibimbo.it\/fr\/liste-de-naissance\/#breadcrumb\"},\"inLanguage\":\"fr-FR\",\"potentialAction\":[{\"@type\":\"ReadAction\",\"target\":[\"https:\/\/www.benedettibimbo.it\/fr\/liste-de-naissance\/\"]}]},{\"@type\":\"BreadcrumbList\",\"@id\":\"https:\/\/www.benedettibimbo.it\/fr\/liste-de-naissance\/#breadcrumb\",\"itemListElement\":[{\"@type\":\"ListItem\",\"position\":1,\"name\":\"Home\",\"item\":\"https:\/\/www.benedettibimbo.it\/fr\/home1\/\"},{\"@type\":\"ListItem\",\"position\":2,\"name\":\"Liste de naissance\"}]},{\"@type\":\"WebSite\",\"@id\":\"https:\/\/www.benedettibimbo.it\/fr\/#website\",\"url\":\"https:\/\/www.benedettibimbo.it\/fr\/\",\"name\":\"Benedetti bimbo - Ventimiglia\",\"description\":\"Da oltre 117 anni diamo consigli ai nostri clienti.\",\"publisher\":{\"@id\":\"https:\/\/www.benedettibimbo.it\/fr\/#organization\"},\"potentialAction\":[{\"@type\":\"SearchAction\",\"target\":{\"@type\":\"EntryPoint\",\"urlTemplate\":\"https:\/\/www.benedettibimbo.it\/fr\/?s={search_term_string}\"},\"query-input\":{\"@type\":\"PropertyValueSpecification\",\"valueRequired\":true,\"valueName\":\"search_term_string\"}}],\"inLanguage\":\"fr-FR\"},{\"@type\":\"Organization\",\"@id\":\"https:\/\/www.benedettibimbo.it\/fr\/#organization\",\"name\":\"Benedetti bimbo - Ventimiglia\",\"url\":\"https:\/\/www.benedettibimbo.it\/fr\/\",\"logo\":{\"@type\":\"ImageObject\",\"inLanguage\":\"fr-FR\",\"@id\":\"https:\/\/www.benedettibimbo.it\/fr\/#\/schema\/logo\/image\/\",\"url\":\"https:\/\/www.benedettibimbo.it\/wp-content\/uploads\/2020\/03\/cropped-logo.jpg\",\"contentUrl\":\"https:\/\/www.benedettibimbo.it\/wp-content\/uploads\/2020\/03\/cropped-logo.jpg\",\"width\":512,\"height\":512,\"caption\":\"Benedetti bimbo - Ventimiglia\"},\"image\":{\"@id\":\"https:\/\/www.benedettibimbo.it\/fr\/#\/schema\/logo\/image\/\"},\"sameAs\":[\"https:\/\/www.facebook.com\/benedettibimbo\/\"]}]}<\/script>\n<!-- \/ Yoast SEO plugin. -->","yoast_head_json":{"title":"Liste de naissance - Benedetti bimbo - Ventimiglia","robots":{"index":"index","follow":"follow","max-snippet":"max-snippet:-1","max-image-preview":"max-image-preview:large","max-video-preview":"max-video-preview:-1"},"canonical":"https:\/\/www.benedettibimbo.it\/fr\/liste-de-naissance\/","og_locale":"fr_FR","og_type":"article","og_title":"Liste de naissance - Benedetti bimbo - Ventimiglia","og_description":"Liste de naissanceLa liste de naissance est une aide pr\u00e9cieuse pour comprendre ce dont vous pourriez avoir besoin pour l'arriv\u00e9e du b\u00e9b\u00e9. C'est aussi une bonne solution pour guider parents et amis dans le choix d'un cadeau. Pour mieux comprendre ce qui est n\u00e9cessaire, nous avons donc pens\u00e9 \u00e0 pr\u00e9parer un formulaire imprimable de liste [&hellip;]","og_url":"https:\/\/www.benedettibimbo.it\/fr\/liste-de-naissance\/","og_site_name":"Benedetti bimbo - Ventimiglia","article_publisher":"https:\/\/www.facebook.com\/benedettibimbo\/","article_modified_time":"2026-04-30T14:04:21+00:00","twitter_card":"summary_large_image","twitter_misc":{"Dur\u00e9e de lecture estim\u00e9e":"3 minutes"},"schema":{"@context":"https:\/\/schema.org","@graph":[{"@type":"WebPage","@id":"https:\/\/www.benedettibimbo.it\/fr\/liste-de-naissance\/","url":"https:\/\/www.benedettibimbo.it\/fr\/liste-de-naissance\/","name":"Liste de naissance - Benedetti bimbo - Ventimiglia","isPartOf":{"@id":"https:\/\/www.benedettibimbo.it\/fr\/#website"},"datePublished":"2020-03-29T11:05:38+00:00","dateModified":"2026-04-30T14:04:21+00:00","breadcrumb":{"@id":"https:\/\/www.benedettibimbo.it\/fr\/liste-de-naissance\/#breadcrumb"},"inLanguage":"fr-FR","potentialAction":[{"@type":"ReadAction","target":["https:\/\/www.benedettibimbo.it\/fr\/liste-de-naissance\/"]}]},{"@type":"BreadcrumbList","@id":"https:\/\/www.benedettibimbo.it\/fr\/liste-de-naissance\/#breadcrumb","itemListElement":[{"@type":"ListItem","position":1,"name":"Home","item":"https:\/\/www.benedettibimbo.it\/fr\/home1\/"},{"@type":"ListItem","position":2,"name":"Liste de naissance"}]},{"@type":"WebSite","@id":"https:\/\/www.benedettibimbo.it\/fr\/#website","url":"https:\/\/www.benedettibimbo.it\/fr\/","name":"Benedetti bimbo - Ventimiglia","description":"Da oltre 117 anni diamo consigli ai nostri clienti.","publisher":{"@id":"https:\/\/www.benedettibimbo.it\/fr\/#organization"},"potentialAction":[{"@type":"SearchAction","target":{"@type":"EntryPoint","urlTemplate":"https:\/\/www.benedettibimbo.it\/fr\/?s={search_term_string}"},"query-input":{"@type":"PropertyValueSpecification","valueRequired":true,"valueName":"search_term_string"}}],"inLanguage":"fr-FR"},{"@type":"Organization","@id":"https:\/\/www.benedettibimbo.it\/fr\/#organization","name":"Benedetti bimbo - Ventimiglia","url":"https:\/\/www.benedettibimbo.it\/fr\/","logo":{"@type":"ImageObject","inLanguage":"fr-FR","@id":"https:\/\/www.benedettibimbo.it\/fr\/#\/schema\/logo\/image\/","url":"https:\/\/www.benedettibimbo.it\/wp-content\/uploads\/2020\/03\/cropped-logo.jpg","contentUrl":"https:\/\/www.benedettibimbo.it\/wp-content\/uploads\/2020\/03\/cropped-logo.jpg","width":512,"height":512,"caption":"Benedetti bimbo - Ventimiglia"},"image":{"@id":"https:\/\/www.benedettibimbo.it\/fr\/#\/schema\/logo\/image\/"},"sameAs":["https:\/\/www.facebook.com\/benedettibimbo\/"]}]}},"_links":{"self":[{"href":"https:\/\/www.benedettibimbo.it\/fr\/wp-json\/wp\/v2\/pages\/1220","targetHints":{"allow":["GET"]}}],"collection":[{"href":"https:\/\/www.benedettibimbo.it\/fr\/wp-json\/wp\/v2\/pages"}],"about":[{"href":"https:\/\/www.benedettibimbo.it\/fr\/wp-json\/wp\/v2\/types\/page"}],"author":[{"embeddable":true,"href":"https:\/\/www.benedettibimbo.it\/fr\/wp-json\/wp\/v2\/users\/1"}],"replies":[{"embeddable":true,"href":"https:\/\/www.benedettibimbo.it\/fr\/wp-json\/wp\/v2\/comments?post=1220"}],"version-history":[{"count":355,"href":"https:\/\/www.benedettibimbo.it\/fr\/wp-json\/wp\/v2\/pages\/1220\/revisions"}],"predecessor-version":[{"id":38267,"href":"https:\/\/www.benedettibimbo.it\/fr\/wp-json\/wp\/v2\/pages\/1220\/revisions\/38267"}],"wp:attachment":[{"href":"https:\/\/www.benedettibimbo.it\/fr\/wp-json\/wp\/v2\/media?parent=1220"}],"curies":[{"name":"wp","href":"https:\/\/api.w.org\/{rel}","templated":true}]}}