{"id":1210,"date":"2020-03-29T13:02:21","date_gmt":"2020-03-29T11:02:21","guid":{"rendered":"https:\/\/www.benedettibimbo.it\/home\/articles\/vetements-et-chaussures\/"},"modified":"2022-12-18T23:13:15","modified_gmt":"2022-12-18T22:13:15","slug":"vetements-et-chaussures","status":"publish","type":"page","link":"https:\/\/www.benedettibimbo.it\/fr\/articles\/vetements-et-chaussures\/","title":{"rendered":"V\u00eatements et chaussures"},"content":{"rendered":"<p>[et_pb_section fb_built=&#8221;1&#8243; _builder_version=&#8221;4.16&#8243; custom_padding=&#8221;3px|||||&#8221; global_colors_info=&#8221;{}&#8221;][et_pb_row _builder_version=&#8221;4.16&#8243; custom_padding=&#8221;3px|||||&#8221; global_colors_info=&#8221;{}&#8221;][et_pb_column type=&#8221;4_4&#8243; _builder_version=&#8221;4.16&#8243; global_colors_info=&#8221;{}&#8221;][et_pb_text _builder_version=&#8221;4.18.0&#8243; text_font=&#8221;|||on|||||&#8221; text_orientation=&#8221;center&#8221; min_height=&#8221;39px&#8221; custom_margin=&#8221;1px|||||&#8221; custom_padding=&#8221;3px||23px|||&#8221; text_text_shadow_style=&#8221;preset1&#8243; global_colors_info=&#8221;{}&#8221;]<\/p>\n<h1>V\u00eatements et chaussures<\/h1>\n<p>[\/et_pb_text][\/et_pb_column][\/et_pb_row][et_pb_row column_structure=&#8221;1_2,1_2&#8243; _builder_version=&#8221;4.16&#8243; custom_margin=&#8221;-24px|auto||auto||&#8221; custom_padding=&#8221;30px|||||&#8221; global_colors_info=&#8221;{}&#8221;][et_pb_column type=&#8221;1_2&#8243; _builder_version=&#8221;4.16&#8243; global_colors_info=&#8221;{}&#8221;][et_pb_image src=&#8221;https:\/\/www.benedettibimbo.it\/wp-content\/uploads\/sites\/47\/2020\/03\/IMG_1320.jpeg&#8221; _builder_version=&#8221;4.16&#8243; custom_padding=&#8221;0px|||||&#8221; box_shadow_style=&#8221;preset2&#8243; global_colors_info=&#8221;{}&#8221;][\/et_pb_image][\/et_pb_column][et_pb_column type=&#8221;1_2&#8243; _builder_version=&#8221;4.16&#8243; global_colors_info=&#8221;{}&#8221;][et_pb_text _builder_version=&#8221;4.16&#8243; custom_padding=&#8221;10px|10px|10px|10px|true|true&#8221; global_colors_info=&#8221;{}&#8221;]<\/p>\n<p><span wfd-id=\"152\">&#8220;Mais qu&#8217;est-ce que je vais lui mettre ?&#8221; &#8220;Il aura chaud ?&#8221; &#8220;Touche ses petites mains !&#8221; &#8220;Est-ce que ce sera sa taille ?&#8221; &#8220;Ne te salis pas !&#8221;<\/span><\/p>\n<p><span wfd-id=\"151\">Vous d\u00e9couvrirez par vous-m\u00eame l&#8217;importance de la r\u00e8gle qui consiste \u00e0 s&#8217;habiller comme un oignon et \u00e0 laisser de la place \u00e0 l&#8217;imagination et \u00e0 la d\u00e9couverte du monde qui les entoure.<\/span><\/p>\n<p><span wfd-id=\"150\">Quelles sont les couleurs et les motifs ? C&#8217;est ici que la mode et la n\u00e9cessit\u00e9 r\u00e8gnent.<\/span><\/p>\n<p><span wfd-id=\"149\">Il y a tant de solutions et de combinaisons que nous pourrons vous proposer saison apr\u00e8s saison&#8230; mais combien de tentations !<\/span><\/p>\n<p>Vous trouverez ci-dessous quelques photos de nos int\u00e9rieurs et des marques avec lesquelles nous travaillons.<\/p>\n<p>&nbsp;<\/p>\n<p>[\/et_pb_text][\/et_pb_column][\/et_pb_row][et_pb_row _builder_version=&#8221;4.16&#8243; custom_padding=&#8221;3px||3px|||&#8221; global_colors_info=&#8221;{}&#8221;][et_pb_column type=&#8221;4_4&#8243; _builder_version=&#8221;4.16&#8243; global_colors_info=&#8221;{}&#8221;][et_pb_gallery gallery_ids=&#8221;656,647,648&#8243; show_title_and_caption=&#8221;off&#8221; show_pagination=&#8221;off&#8221; _builder_version=&#8221;4.16&#8243; min_height=&#8221;213px&#8221; custom_margin=&#8221;-3px|||||&#8221; custom_padding=&#8221;30px||0px|||&#8221; box_shadow_style_image=&#8221;preset1&#8243; global_colors_info=&#8221;{}&#8221;][\/et_pb_gallery][et_pb_text _builder_version=&#8221;4.16&#8243; global_colors_info=&#8221;{}&#8221;]<\/p>\n<p>Quelques marques couvertes :<\/p>\n<p>[\/et_pb_text][et_pb_gallery gallery_ids=&#8221;767&#8243; posts_number=&#8221;1&#8243; show_title_and_caption=&#8221;off&#8221; show_pagination=&#8221;off&#8221; _builder_version=&#8221;4.19.0&#8243; transform_scale_tablet=&#8221;92%|92%&#8221; transform_scale_phone=&#8221;70%|70%&#8221; transform_scale_last_edited=&#8221;on|desktop&#8221; transform_translate_tablet=&#8221;&#8221; transform_translate_phone=&#8221;-37px|-75px&#8221; transform_translate_last_edited=&#8221;on|phone&#8221; transform_translate_linked_phone=&#8221;off&#8221; transform_rotate_tablet=&#8221;&#8221; transform_rotate_phone=&#8221;&#8221; transform_rotate_last_edited=&#8221;on|phone&#8221; transform_skew_tablet=&#8221;&#8221; transform_skew_phone=&#8221;&#8221; transform_skew_last_edited=&#8221;on|phone&#8221; transform_origin_tablet=&#8221;&#8221; transform_origin_phone=&#8221;73%|48%&#8221; transform_origin_last_edited=&#8221;on|phone&#8221; transform_styles_last_edited=&#8221;on|phone&#8221; custom_margin=&#8221;||||false|false&#8221; hover_enabled=&#8221;0&#8243; transform_styles_tablet=&#8221;&#8221; transform_styles_phone=&#8221;&#8221; global_colors_info=&#8221;{}&#8221; module_alignment=&#8221;center&#8221; sticky_enabled=&#8221;0&#8243; width=&#8221;60%&#8221;][\/et_pb_gallery][\/et_pb_column][\/et_pb_row][\/et_pb_section]<\/p>\n","protected":false},"excerpt":{"rendered":"<p>V\u00eatements et chaussures&#8221;Mais qu&#8217;est-ce que je vais lui mettre ?&#8221; &#8220;Il aura chaud ?&#8221; &#8220;Touche ses petites mains !&#8221; &#8220;Est-ce que ce sera sa taille ?&#8221; &#8220;Ne te salis pas !&#8221; Vous d\u00e9couvrirez par vous-m\u00eame l&#8217;importance de la r\u00e8gle qui consiste \u00e0 s&#8217;habiller comme un oignon et \u00e0 laisser de la place \u00e0 l&#8217;imagination et [&hellip;]<\/p>\n","protected":false},"author":1,"featured_media":0,"parent":1134,"menu_order":0,"comment_status":"closed","ping_status":"closed","template":"","meta":{"_et_pb_use_builder":"on","_et_pb_old_content":"","_et_gb_content_width":"","footnotes":""},"class_list":["post-1210","page","type-page","status-publish","hentry"],"yoast_head":"<!-- This site is optimized with the Yoast SEO plugin v27.1.1 - https:\/\/yoast.com\/product\/yoast-seo-wordpress\/ -->\n<title>V\u00eatements et chaussures - Benedetti bimbo - Ventimiglia<\/title>\n<meta name=\"robots\" content=\"index, follow, max-snippet:-1, max-image-preview:large, max-video-preview:-1\" \/>\n<link rel=\"canonical\" href=\"https:\/\/www.benedettibimbo.it\/fr\/articles\/vetements-et-chaussures\/\" \/>\n<meta property=\"og:locale\" content=\"fr_FR\" \/>\n<meta property=\"og:type\" content=\"article\" \/>\n<meta property=\"og:title\" content=\"V\u00eatements et chaussures - Benedetti bimbo - Ventimiglia\" \/>\n<meta property=\"og:description\" content=\"V\u00eatements et chaussures&quot;Mais qu&#039;est-ce que je vais lui mettre ?&quot; &quot;Il aura chaud ?&quot; &quot;Touche ses petites mains !&quot; &quot;Est-ce que ce sera sa taille ?&quot; &quot;Ne te salis pas !&quot; Vous d\u00e9couvrirez par vous-m\u00eame l&#039;importance de la r\u00e8gle qui consiste \u00e0 s&#039;habiller comme un oignon et \u00e0 laisser de la place \u00e0 l&#039;imagination et [&hellip;]\" \/>\n<meta property=\"og:url\" content=\"https:\/\/www.benedettibimbo.it\/fr\/articles\/vetements-et-chaussures\/\" \/>\n<meta property=\"og:site_name\" content=\"Benedetti bimbo - Ventimiglia\" \/>\n<meta property=\"article:publisher\" content=\"https:\/\/www.facebook.com\/benedettibimbo\/\" \/>\n<meta property=\"article:modified_time\" content=\"2022-12-18T22:13:15+00:00\" \/>\n<meta name=\"twitter:card\" content=\"summary_large_image\" \/>\n<meta name=\"twitter:label1\" content=\"Dur\u00e9e de lecture estim\u00e9e\" \/>\n\t<meta name=\"twitter:data1\" content=\"2 minutes\" \/>\n<script type=\"application\/ld+json\" class=\"yoast-schema-graph\">{\"@context\":\"https:\/\/schema.org\",\"@graph\":[{\"@type\":\"WebPage\",\"@id\":\"https:\/\/www.benedettibimbo.it\/fr\/articles\/vetements-et-chaussures\/\",\"url\":\"https:\/\/www.benedettibimbo.it\/fr\/articles\/vetements-et-chaussures\/\",\"name\":\"V\u00eatements et chaussures - Benedetti bimbo - Ventimiglia\",\"isPartOf\":{\"@id\":\"https:\/\/www.benedettibimbo.it\/fr\/#website\"},\"datePublished\":\"2020-03-29T11:02:21+00:00\",\"dateModified\":\"2022-12-18T22:13:15+00:00\",\"breadcrumb\":{\"@id\":\"https:\/\/www.benedettibimbo.it\/fr\/articles\/vetements-et-chaussures\/#breadcrumb\"},\"inLanguage\":\"fr-FR\",\"potentialAction\":[{\"@type\":\"ReadAction\",\"target\":[\"https:\/\/www.benedettibimbo.it\/fr\/articles\/vetements-et-chaussures\/\"]}]},{\"@type\":\"BreadcrumbList\",\"@id\":\"https:\/\/www.benedettibimbo.it\/fr\/articles\/vetements-et-chaussures\/#breadcrumb\",\"itemListElement\":[{\"@type\":\"ListItem\",\"position\":1,\"name\":\"Home\",\"item\":\"https:\/\/www.benedettibimbo.it\/fr\/home1\/\"},{\"@type\":\"ListItem\",\"position\":2,\"name\":\"Produits\",\"item\":\"https:\/\/www.benedettibimbo.it\/fr\/articles\/\"},{\"@type\":\"ListItem\",\"position\":3,\"name\":\"V\u00eatements et chaussures\"}]},{\"@type\":\"WebSite\",\"@id\":\"https:\/\/www.benedettibimbo.it\/fr\/#website\",\"url\":\"https:\/\/www.benedettibimbo.it\/fr\/\",\"name\":\"Benedetti bimbo - Ventimiglia\",\"description\":\"Da oltre 117 anni diamo consigli ai nostri clienti.\",\"publisher\":{\"@id\":\"https:\/\/www.benedettibimbo.it\/fr\/#organization\"},\"potentialAction\":[{\"@type\":\"SearchAction\",\"target\":{\"@type\":\"EntryPoint\",\"urlTemplate\":\"https:\/\/www.benedettibimbo.it\/fr\/?s={search_term_string}\"},\"query-input\":{\"@type\":\"PropertyValueSpecification\",\"valueRequired\":true,\"valueName\":\"search_term_string\"}}],\"inLanguage\":\"fr-FR\"},{\"@type\":\"Organization\",\"@id\":\"https:\/\/www.benedettibimbo.it\/fr\/#organization\",\"name\":\"Benedetti bimbo - Ventimiglia\",\"url\":\"https:\/\/www.benedettibimbo.it\/fr\/\",\"logo\":{\"@type\":\"ImageObject\",\"inLanguage\":\"fr-FR\",\"@id\":\"https:\/\/www.benedettibimbo.it\/fr\/#\/schema\/logo\/image\/\",\"url\":\"https:\/\/www.benedettibimbo.it\/wp-content\/uploads\/2020\/03\/cropped-logo.jpg\",\"contentUrl\":\"https:\/\/www.benedettibimbo.it\/wp-content\/uploads\/2020\/03\/cropped-logo.jpg\",\"width\":512,\"height\":512,\"caption\":\"Benedetti bimbo - Ventimiglia\"},\"image\":{\"@id\":\"https:\/\/www.benedettibimbo.it\/fr\/#\/schema\/logo\/image\/\"},\"sameAs\":[\"https:\/\/www.facebook.com\/benedettibimbo\/\"]}]}<\/script>\n<!-- \/ Yoast SEO plugin. -->","yoast_head_json":{"title":"V\u00eatements et chaussures - Benedetti bimbo - Ventimiglia","robots":{"index":"index","follow":"follow","max-snippet":"max-snippet:-1","max-image-preview":"max-image-preview:large","max-video-preview":"max-video-preview:-1"},"canonical":"https:\/\/www.benedettibimbo.it\/fr\/articles\/vetements-et-chaussures\/","og_locale":"fr_FR","og_type":"article","og_title":"V\u00eatements et chaussures - Benedetti bimbo - Ventimiglia","og_description":"V\u00eatements et chaussures\"Mais qu'est-ce que je vais lui mettre ?\" \"Il aura chaud ?\" \"Touche ses petites mains !\" \"Est-ce que ce sera sa taille ?\" \"Ne te salis pas !\" Vous d\u00e9couvrirez par vous-m\u00eame l'importance de la r\u00e8gle qui consiste \u00e0 s'habiller comme un oignon et \u00e0 laisser de la place \u00e0 l'imagination et [&hellip;]","og_url":"https:\/\/www.benedettibimbo.it\/fr\/articles\/vetements-et-chaussures\/","og_site_name":"Benedetti bimbo - Ventimiglia","article_publisher":"https:\/\/www.facebook.com\/benedettibimbo\/","article_modified_time":"2022-12-18T22:13:15+00:00","twitter_card":"summary_large_image","twitter_misc":{"Dur\u00e9e de lecture estim\u00e9e":"2 minutes"},"schema":{"@context":"https:\/\/schema.org","@graph":[{"@type":"WebPage","@id":"https:\/\/www.benedettibimbo.it\/fr\/articles\/vetements-et-chaussures\/","url":"https:\/\/www.benedettibimbo.it\/fr\/articles\/vetements-et-chaussures\/","name":"V\u00eatements et chaussures - Benedetti bimbo - Ventimiglia","isPartOf":{"@id":"https:\/\/www.benedettibimbo.it\/fr\/#website"},"datePublished":"2020-03-29T11:02:21+00:00","dateModified":"2022-12-18T22:13:15+00:00","breadcrumb":{"@id":"https:\/\/www.benedettibimbo.it\/fr\/articles\/vetements-et-chaussures\/#breadcrumb"},"inLanguage":"fr-FR","potentialAction":[{"@type":"ReadAction","target":["https:\/\/www.benedettibimbo.it\/fr\/articles\/vetements-et-chaussures\/"]}]},{"@type":"BreadcrumbList","@id":"https:\/\/www.benedettibimbo.it\/fr\/articles\/vetements-et-chaussures\/#breadcrumb","itemListElement":[{"@type":"ListItem","position":1,"name":"Home","item":"https:\/\/www.benedettibimbo.it\/fr\/home1\/"},{"@type":"ListItem","position":2,"name":"Produits","item":"https:\/\/www.benedettibimbo.it\/fr\/articles\/"},{"@type":"ListItem","position":3,"name":"V\u00eatements et chaussures"}]},{"@type":"WebSite","@id":"https:\/\/www.benedettibimbo.it\/fr\/#website","url":"https:\/\/www.benedettibimbo.it\/fr\/","name":"Benedetti bimbo - Ventimiglia","description":"Da oltre 117 anni diamo consigli ai nostri clienti.","publisher":{"@id":"https:\/\/www.benedettibimbo.it\/fr\/#organization"},"potentialAction":[{"@type":"SearchAction","target":{"@type":"EntryPoint","urlTemplate":"https:\/\/www.benedettibimbo.it\/fr\/?s={search_term_string}"},"query-input":{"@type":"PropertyValueSpecification","valueRequired":true,"valueName":"search_term_string"}}],"inLanguage":"fr-FR"},{"@type":"Organization","@id":"https:\/\/www.benedettibimbo.it\/fr\/#organization","name":"Benedetti bimbo - Ventimiglia","url":"https:\/\/www.benedettibimbo.it\/fr\/","logo":{"@type":"ImageObject","inLanguage":"fr-FR","@id":"https:\/\/www.benedettibimbo.it\/fr\/#\/schema\/logo\/image\/","url":"https:\/\/www.benedettibimbo.it\/wp-content\/uploads\/2020\/03\/cropped-logo.jpg","contentUrl":"https:\/\/www.benedettibimbo.it\/wp-content\/uploads\/2020\/03\/cropped-logo.jpg","width":512,"height":512,"caption":"Benedetti bimbo - Ventimiglia"},"image":{"@id":"https:\/\/www.benedettibimbo.it\/fr\/#\/schema\/logo\/image\/"},"sameAs":["https:\/\/www.facebook.com\/benedettibimbo\/"]}]}},"_links":{"self":[{"href":"https:\/\/www.benedettibimbo.it\/fr\/wp-json\/wp\/v2\/pages\/1210","targetHints":{"allow":["GET"]}}],"collection":[{"href":"https:\/\/www.benedettibimbo.it\/fr\/wp-json\/wp\/v2\/pages"}],"about":[{"href":"https:\/\/www.benedettibimbo.it\/fr\/wp-json\/wp\/v2\/types\/page"}],"author":[{"embeddable":true,"href":"https:\/\/www.benedettibimbo.it\/fr\/wp-json\/wp\/v2\/users\/1"}],"replies":[{"embeddable":true,"href":"https:\/\/www.benedettibimbo.it\/fr\/wp-json\/wp\/v2\/comments?post=1210"}],"version-history":[{"count":14,"href":"https:\/\/www.benedettibimbo.it\/fr\/wp-json\/wp\/v2\/pages\/1210\/revisions"}],"predecessor-version":[{"id":33160,"href":"https:\/\/www.benedettibimbo.it\/fr\/wp-json\/wp\/v2\/pages\/1210\/revisions\/33160"}],"up":[{"embeddable":true,"href":"https:\/\/www.benedettibimbo.it\/fr\/wp-json\/wp\/v2\/pages\/1134"}],"wp:attachment":[{"href":"https:\/\/www.benedettibimbo.it\/fr\/wp-json\/wp\/v2\/media?parent=1210"}],"curies":[{"name":"wp","href":"https:\/\/api.w.org\/{rel}","templated":true}]}}