{"id":1149,"date":"2020-03-29T12:52:24","date_gmt":"2020-03-29T10:52:24","guid":{"rendered":"https:\/\/www.benedettibimbo.it\/home\/articles\/lheure-du-bain-la-sante-et-lhygiene\/"},"modified":"2022-12-18T23:13:04","modified_gmt":"2022-12-18T22:13:04","slug":"lheure-du-bain-la-sante-et-lhygiene","status":"publish","type":"page","link":"https:\/\/www.benedettibimbo.it\/fr\/articles\/lheure-du-bain-la-sante-et-lhygiene\/","title":{"rendered":"Bain, sant\u00e9 et hygi\u00e8ne"},"content":{"rendered":"<p>[et_pb_section fb_built=&#8221;1&#8243; _builder_version=&#8221;4.16&#8243; custom_padding=&#8221;3px|||||&#8221; global_colors_info=&#8221;{}&#8221;][et_pb_row _builder_version=&#8221;4.16&#8243; custom_padding=&#8221;3px|||||&#8221; global_colors_info=&#8221;{}&#8221;][et_pb_column type=&#8221;4_4&#8243; _builder_version=&#8221;4.16&#8243; global_colors_info=&#8221;{}&#8221;][et_pb_text _builder_version=&#8221;4.18.0&#8243; text_font=&#8221;|||on|||||&#8221; text_orientation=&#8221;center&#8221; min_height=&#8221;39px&#8221; custom_margin=&#8221;1px|||||&#8221; custom_padding=&#8221;0px||28px|||&#8221; text_text_shadow_style=&#8221;preset1&#8243; global_colors_info=&#8221;{}&#8221;]<\/p>\n<h1><span wfd-id=\"525\">Bain, sant\u00e9 et hygi\u00e8ne<\/span><\/h1>\n<p>[\/et_pb_text][\/et_pb_column][\/et_pb_row][et_pb_row column_structure=&#8221;1_2,1_2&#8243; _builder_version=&#8221;4.16&#8243; custom_margin=&#8221;-24px|auto||auto||&#8221; custom_padding=&#8221;30px|||||&#8221; global_colors_info=&#8221;{}&#8221;][et_pb_column type=&#8221;1_2&#8243; _builder_version=&#8221;4.16&#8243; global_colors_info=&#8221;{}&#8221;][et_pb_image src=&#8221;https:\/\/www.benedettibimbo.it\/wp-content\/uploads\/sites\/47\/2020\/03\/IMG_1321.jpeg&#8221; _builder_version=&#8221;4.16&#8243; custom_padding=&#8221;0px|||||&#8221; box_shadow_style=&#8221;preset2&#8243; global_colors_info=&#8221;{}&#8221;][\/et_pb_image][\/et_pb_column][et_pb_column type=&#8221;1_2&#8243; _builder_version=&#8221;4.16&#8243; global_colors_info=&#8221;{}&#8221;][et_pb_text _builder_version=&#8221;4.16&#8243; custom_padding=&#8221;10px|10px|10px|10px|true|true&#8221; global_colors_info=&#8221;{}&#8221;]<\/p>\n<p><span wfd-id=\"2626\">Apr\u00e8s tant de moments de jeu et de d\u00e9couverte du monde, c&#8217;est l&#8217;heure du bain !<\/span><\/p>\n<p><span wfd-id=\"2625\">\u00c9ponges, peignes, bains moussants, shampooings, peignoirs, serviettes et autres.<\/span><\/p>\n<p><span wfd-id=\"2624\">Vous trouverez \u00e9galement tout ce dont vous avez besoin pour la sant\u00e9 de votre b\u00e9b\u00e9.<\/span><\/p>\n<p>Il existe de nombreuses solutions possibles qui, avec les entreprises s\u00e9lectionn\u00e9es, permettront de r\u00e9soudre les probl\u00e8mes.<span wfd-id=\"842\"><\/span><\/p>\n<p>Vous trouverez ci-dessous quelques photos de nos int\u00e9rieurs et des marques avec lesquelles nous travaillons.<\/p>\n<p>&nbsp;<\/p>\n<p>[\/et_pb_text][\/et_pb_column][\/et_pb_row][et_pb_row _builder_version=&#8221;4.19.0&#8243; custom_margin=&#8221;||||false|false&#8221; custom_padding=&#8221;||||false|false&#8221; hover_enabled=&#8221;0&#8243; global_colors_info=&#8221;{}&#8221; sticky_enabled=&#8221;0&#8243;][et_pb_column type=&#8221;4_4&#8243; _builder_version=&#8221;4.16&#8243; global_colors_info=&#8221;{}&#8221;][et_pb_gallery gallery_ids=&#8221;649,663,689&#8243; show_title_and_caption=&#8221;off&#8221; show_pagination=&#8221;off&#8221; _builder_version=&#8221;4.16&#8243; min_height=&#8221;160px&#8221; custom_margin=&#8221;2px|||||&#8221; custom_padding=&#8221;29px|||||&#8221; box_shadow_style_image=&#8221;preset1&#8243; global_colors_info=&#8221;{}&#8221;][\/et_pb_gallery][et_pb_text _builder_version=&#8221;4.16&#8243; custom_margin=&#8221;-26px||0px|||&#8221; global_colors_info=&#8221;{}&#8221;]<\/p>\n<p>Quelques marques couvertes<\/p>\n<p>[\/et_pb_text][et_pb_gallery gallery_ids=&#8221;767,759,756,764,758,772&#8243; posts_number=&#8221;6&#8243; show_title_and_caption=&#8221;off&#8221; show_pagination=&#8221;off&#8221; _builder_version=&#8221;4.19.0&#8243; transform_scale_tablet=&#8221;70%|70%&#8221; transform_scale_phone=&#8221;&#8221; transform_scale_last_edited=&#8221;on|phone&#8221; transform_translate_tablet=&#8221;&#8221; transform_translate_phone=&#8221;112px|-94px&#8221; transform_translate_last_edited=&#8221;on|desktop&#8221; transform_rotate_tablet=&#8221;&#8221; transform_rotate_phone=&#8221;&#8221; transform_rotate_last_edited=&#8221;on|desktop&#8221; transform_skew_tablet=&#8221;&#8221; transform_skew_phone=&#8221;&#8221; transform_skew_last_edited=&#8221;on|desktop&#8221; transform_origin_tablet=&#8221;&#8221; transform_origin_phone=&#8221;&#8221; transform_origin_last_edited=&#8221;on|desktop&#8221; transform_styles_last_edited=&#8221;on|phone&#8221; custom_padding=&#8221;||||false|false&#8221; hover_enabled=&#8221;0&#8243; transform_styles_tablet=&#8221;&#8221; transform_styles_phone=&#8221;&#8221; global_colors_info=&#8221;{}&#8221; sticky_enabled=&#8221;0&#8243; width=&#8221;50%&#8221; module_alignment=&#8221;center&#8221;][\/et_pb_gallery][\/et_pb_column][\/et_pb_row][\/et_pb_section]<\/p>\n","protected":false},"excerpt":{"rendered":"<p>Bain, sant\u00e9 et hygi\u00e8neApr\u00e8s tant de moments de jeu et de d\u00e9couverte du monde, c&#8217;est l&#8217;heure du bain ! \u00c9ponges, peignes, bains moussants, shampooings, peignoirs, serviettes et autres. Vous trouverez \u00e9galement tout ce dont vous avez besoin pour la sant\u00e9 de votre b\u00e9b\u00e9. Il existe de nombreuses solutions possibles qui, avec les entreprises s\u00e9lectionn\u00e9es, permettront [&hellip;]<\/p>\n","protected":false},"author":1,"featured_media":0,"parent":1134,"menu_order":0,"comment_status":"closed","ping_status":"closed","template":"","meta":{"_et_pb_use_builder":"on","_et_pb_old_content":"","_et_gb_content_width":"","footnotes":""},"class_list":["post-1149","page","type-page","status-publish","hentry"],"yoast_head":"<!-- This site is optimized with the Yoast SEO plugin v27.1.1 - https:\/\/yoast.com\/product\/yoast-seo-wordpress\/ -->\n<title>Bain, sant\u00e9 et hygi\u00e8ne - Benedetti bimbo - Ventimiglia<\/title>\n<meta name=\"robots\" content=\"index, follow, max-snippet:-1, max-image-preview:large, max-video-preview:-1\" \/>\n<link rel=\"canonical\" href=\"https:\/\/www.benedettibimbo.it\/fr\/articles\/lheure-du-bain-la-sante-et-lhygiene\/\" \/>\n<meta property=\"og:locale\" content=\"fr_FR\" \/>\n<meta property=\"og:type\" content=\"article\" \/>\n<meta property=\"og:title\" content=\"Bain, sant\u00e9 et hygi\u00e8ne - Benedetti bimbo - Ventimiglia\" \/>\n<meta property=\"og:description\" content=\"Bain, sant\u00e9 et hygi\u00e8neApr\u00e8s tant de moments de jeu et de d\u00e9couverte du monde, c&#039;est l&#039;heure du bain ! \u00c9ponges, peignes, bains moussants, shampooings, peignoirs, serviettes et autres. Vous trouverez \u00e9galement tout ce dont vous avez besoin pour la sant\u00e9 de votre b\u00e9b\u00e9. Il existe de nombreuses solutions possibles qui, avec les entreprises s\u00e9lectionn\u00e9es, permettront [&hellip;]\" \/>\n<meta property=\"og:url\" content=\"https:\/\/www.benedettibimbo.it\/fr\/articles\/lheure-du-bain-la-sante-et-lhygiene\/\" \/>\n<meta property=\"og:site_name\" content=\"Benedetti bimbo - Ventimiglia\" \/>\n<meta property=\"article:publisher\" content=\"https:\/\/www.facebook.com\/benedettibimbo\/\" \/>\n<meta property=\"article:modified_time\" content=\"2022-12-18T22:13:04+00:00\" \/>\n<meta name=\"twitter:card\" content=\"summary_large_image\" \/>\n<meta name=\"twitter:label1\" content=\"Dur\u00e9e de lecture estim\u00e9e\" \/>\n\t<meta name=\"twitter:data1\" content=\"2 minutes\" \/>\n<script type=\"application\/ld+json\" class=\"yoast-schema-graph\">{\"@context\":\"https:\/\/schema.org\",\"@graph\":[{\"@type\":\"WebPage\",\"@id\":\"https:\/\/www.benedettibimbo.it\/fr\/articles\/lheure-du-bain-la-sante-et-lhygiene\/\",\"url\":\"https:\/\/www.benedettibimbo.it\/fr\/articles\/lheure-du-bain-la-sante-et-lhygiene\/\",\"name\":\"Bain, sant\u00e9 et hygi\u00e8ne - Benedetti bimbo - Ventimiglia\",\"isPartOf\":{\"@id\":\"https:\/\/www.benedettibimbo.it\/fr\/#website\"},\"datePublished\":\"2020-03-29T10:52:24+00:00\",\"dateModified\":\"2022-12-18T22:13:04+00:00\",\"breadcrumb\":{\"@id\":\"https:\/\/www.benedettibimbo.it\/fr\/articles\/lheure-du-bain-la-sante-et-lhygiene\/#breadcrumb\"},\"inLanguage\":\"fr-FR\",\"potentialAction\":[{\"@type\":\"ReadAction\",\"target\":[\"https:\/\/www.benedettibimbo.it\/fr\/articles\/lheure-du-bain-la-sante-et-lhygiene\/\"]}]},{\"@type\":\"BreadcrumbList\",\"@id\":\"https:\/\/www.benedettibimbo.it\/fr\/articles\/lheure-du-bain-la-sante-et-lhygiene\/#breadcrumb\",\"itemListElement\":[{\"@type\":\"ListItem\",\"position\":1,\"name\":\"Home\",\"item\":\"https:\/\/www.benedettibimbo.it\/fr\/home1\/\"},{\"@type\":\"ListItem\",\"position\":2,\"name\":\"Produits\",\"item\":\"https:\/\/www.benedettibimbo.it\/fr\/articles\/\"},{\"@type\":\"ListItem\",\"position\":3,\"name\":\"Bain, sant\u00e9 et hygi\u00e8ne\"}]},{\"@type\":\"WebSite\",\"@id\":\"https:\/\/www.benedettibimbo.it\/fr\/#website\",\"url\":\"https:\/\/www.benedettibimbo.it\/fr\/\",\"name\":\"Benedetti bimbo - Ventimiglia\",\"description\":\"Da oltre 117 anni diamo consigli ai nostri clienti.\",\"publisher\":{\"@id\":\"https:\/\/www.benedettibimbo.it\/fr\/#organization\"},\"potentialAction\":[{\"@type\":\"SearchAction\",\"target\":{\"@type\":\"EntryPoint\",\"urlTemplate\":\"https:\/\/www.benedettibimbo.it\/fr\/?s={search_term_string}\"},\"query-input\":{\"@type\":\"PropertyValueSpecification\",\"valueRequired\":true,\"valueName\":\"search_term_string\"}}],\"inLanguage\":\"fr-FR\"},{\"@type\":\"Organization\",\"@id\":\"https:\/\/www.benedettibimbo.it\/fr\/#organization\",\"name\":\"Benedetti bimbo - Ventimiglia\",\"url\":\"https:\/\/www.benedettibimbo.it\/fr\/\",\"logo\":{\"@type\":\"ImageObject\",\"inLanguage\":\"fr-FR\",\"@id\":\"https:\/\/www.benedettibimbo.it\/fr\/#\/schema\/logo\/image\/\",\"url\":\"https:\/\/www.benedettibimbo.it\/wp-content\/uploads\/2020\/03\/cropped-logo.jpg\",\"contentUrl\":\"https:\/\/www.benedettibimbo.it\/wp-content\/uploads\/2020\/03\/cropped-logo.jpg\",\"width\":512,\"height\":512,\"caption\":\"Benedetti bimbo - Ventimiglia\"},\"image\":{\"@id\":\"https:\/\/www.benedettibimbo.it\/fr\/#\/schema\/logo\/image\/\"},\"sameAs\":[\"https:\/\/www.facebook.com\/benedettibimbo\/\"]}]}<\/script>\n<!-- \/ Yoast SEO plugin. -->","yoast_head_json":{"title":"Bain, sant\u00e9 et hygi\u00e8ne - Benedetti bimbo - Ventimiglia","robots":{"index":"index","follow":"follow","max-snippet":"max-snippet:-1","max-image-preview":"max-image-preview:large","max-video-preview":"max-video-preview:-1"},"canonical":"https:\/\/www.benedettibimbo.it\/fr\/articles\/lheure-du-bain-la-sante-et-lhygiene\/","og_locale":"fr_FR","og_type":"article","og_title":"Bain, sant\u00e9 et hygi\u00e8ne - Benedetti bimbo - Ventimiglia","og_description":"Bain, sant\u00e9 et hygi\u00e8neApr\u00e8s tant de moments de jeu et de d\u00e9couverte du monde, c'est l'heure du bain ! \u00c9ponges, peignes, bains moussants, shampooings, peignoirs, serviettes et autres. Vous trouverez \u00e9galement tout ce dont vous avez besoin pour la sant\u00e9 de votre b\u00e9b\u00e9. Il existe de nombreuses solutions possibles qui, avec les entreprises s\u00e9lectionn\u00e9es, permettront [&hellip;]","og_url":"https:\/\/www.benedettibimbo.it\/fr\/articles\/lheure-du-bain-la-sante-et-lhygiene\/","og_site_name":"Benedetti bimbo - Ventimiglia","article_publisher":"https:\/\/www.facebook.com\/benedettibimbo\/","article_modified_time":"2022-12-18T22:13:04+00:00","twitter_card":"summary_large_image","twitter_misc":{"Dur\u00e9e de lecture estim\u00e9e":"2 minutes"},"schema":{"@context":"https:\/\/schema.org","@graph":[{"@type":"WebPage","@id":"https:\/\/www.benedettibimbo.it\/fr\/articles\/lheure-du-bain-la-sante-et-lhygiene\/","url":"https:\/\/www.benedettibimbo.it\/fr\/articles\/lheure-du-bain-la-sante-et-lhygiene\/","name":"Bain, sant\u00e9 et hygi\u00e8ne - Benedetti bimbo - Ventimiglia","isPartOf":{"@id":"https:\/\/www.benedettibimbo.it\/fr\/#website"},"datePublished":"2020-03-29T10:52:24+00:00","dateModified":"2022-12-18T22:13:04+00:00","breadcrumb":{"@id":"https:\/\/www.benedettibimbo.it\/fr\/articles\/lheure-du-bain-la-sante-et-lhygiene\/#breadcrumb"},"inLanguage":"fr-FR","potentialAction":[{"@type":"ReadAction","target":["https:\/\/www.benedettibimbo.it\/fr\/articles\/lheure-du-bain-la-sante-et-lhygiene\/"]}]},{"@type":"BreadcrumbList","@id":"https:\/\/www.benedettibimbo.it\/fr\/articles\/lheure-du-bain-la-sante-et-lhygiene\/#breadcrumb","itemListElement":[{"@type":"ListItem","position":1,"name":"Home","item":"https:\/\/www.benedettibimbo.it\/fr\/home1\/"},{"@type":"ListItem","position":2,"name":"Produits","item":"https:\/\/www.benedettibimbo.it\/fr\/articles\/"},{"@type":"ListItem","position":3,"name":"Bain, sant\u00e9 et hygi\u00e8ne"}]},{"@type":"WebSite","@id":"https:\/\/www.benedettibimbo.it\/fr\/#website","url":"https:\/\/www.benedettibimbo.it\/fr\/","name":"Benedetti bimbo - Ventimiglia","description":"Da oltre 117 anni diamo consigli ai nostri clienti.","publisher":{"@id":"https:\/\/www.benedettibimbo.it\/fr\/#organization"},"potentialAction":[{"@type":"SearchAction","target":{"@type":"EntryPoint","urlTemplate":"https:\/\/www.benedettibimbo.it\/fr\/?s={search_term_string}"},"query-input":{"@type":"PropertyValueSpecification","valueRequired":true,"valueName":"search_term_string"}}],"inLanguage":"fr-FR"},{"@type":"Organization","@id":"https:\/\/www.benedettibimbo.it\/fr\/#organization","name":"Benedetti bimbo - Ventimiglia","url":"https:\/\/www.benedettibimbo.it\/fr\/","logo":{"@type":"ImageObject","inLanguage":"fr-FR","@id":"https:\/\/www.benedettibimbo.it\/fr\/#\/schema\/logo\/image\/","url":"https:\/\/www.benedettibimbo.it\/wp-content\/uploads\/2020\/03\/cropped-logo.jpg","contentUrl":"https:\/\/www.benedettibimbo.it\/wp-content\/uploads\/2020\/03\/cropped-logo.jpg","width":512,"height":512,"caption":"Benedetti bimbo - Ventimiglia"},"image":{"@id":"https:\/\/www.benedettibimbo.it\/fr\/#\/schema\/logo\/image\/"},"sameAs":["https:\/\/www.facebook.com\/benedettibimbo\/"]}]}},"_links":{"self":[{"href":"https:\/\/www.benedettibimbo.it\/fr\/wp-json\/wp\/v2\/pages\/1149","targetHints":{"allow":["GET"]}}],"collection":[{"href":"https:\/\/www.benedettibimbo.it\/fr\/wp-json\/wp\/v2\/pages"}],"about":[{"href":"https:\/\/www.benedettibimbo.it\/fr\/wp-json\/wp\/v2\/types\/page"}],"author":[{"embeddable":true,"href":"https:\/\/www.benedettibimbo.it\/fr\/wp-json\/wp\/v2\/users\/1"}],"replies":[{"embeddable":true,"href":"https:\/\/www.benedettibimbo.it\/fr\/wp-json\/wp\/v2\/comments?post=1149"}],"version-history":[{"count":26,"href":"https:\/\/www.benedettibimbo.it\/fr\/wp-json\/wp\/v2\/pages\/1149\/revisions"}],"predecessor-version":[{"id":33185,"href":"https:\/\/www.benedettibimbo.it\/fr\/wp-json\/wp\/v2\/pages\/1149\/revisions\/33185"}],"up":[{"embeddable":true,"href":"https:\/\/www.benedettibimbo.it\/fr\/wp-json\/wp\/v2\/pages\/1134"}],"wp:attachment":[{"href":"https:\/\/www.benedettibimbo.it\/fr\/wp-json\/wp\/v2\/media?parent=1149"}],"curies":[{"name":"wp","href":"https:\/\/api.w.org\/{rel}","templated":true}]}}